{"id":209,"date":"2025-02-13T10:00:25","date_gmt":"2025-02-13T10:00:25","guid":{"rendered":"https:\/\/www.inedithome.com\/?page_id=209"},"modified":"2025-02-13T10:35:04","modified_gmt":"2025-02-13T10:35:04","slug":"aviso-legal","status":"publish","type":"page","link":"https:\/\/www.inedithome.com\/?page_id=209","title":{"rendered":"Aviso legal"},"content":{"rendered":"\n<h4 class=\"wp-block-heading\">1. INFORMACI\u00d3N CORPORATIVA<\/h4>\n\n\n\n<p>En cumplimiento de la Ley 34\/2002, de 11 de julio, de servicios de la sociedad de la informaci\u00f3n y de comercio electr\u00f3nico,\u00a0<strong>INEDIT HOME SL<\/strong>\u00a0le informa que es titular de los sitios web:\u00a0<strong>www.inedithome.com<\/strong>, de acuerdo con la exigencia del art\u00edculo 10 de la mencionada Ley,\u00a0<strong>INEDIT HOME SL<\/strong>, notifica los siguientes datos: el titular de esta p\u00e1gina web es\u00a0<strong>INEDIT HOME SL<\/strong>\u00a0con NIF\/CIF:\u00a0<strong>B67446658<\/strong>. Registro Mercantil de\u00a0<strong>BARCELONA<\/strong>. Tomo:\u00a0<strong>46914<\/strong>. Folio:\u00a0<strong>209, S8<\/strong>. Hoja:\u00a0<strong>B535182<\/strong>, y domicilio social:\u00a0<strong>C\/ MUNT 33<\/strong>, C\u00f3digo Postal:\u00a0<strong>08392<\/strong>. Localidad:\u00a0<strong>SANT ANDREU DE LLAVANERES<\/strong>. Provincia:\u00a0<strong>BARCELONA<\/strong>. La direcci\u00f3n de correo electr\u00f3nico de contacto con la empresa es:\u00a0<strong>info@inedithome.com<\/strong><\/p>\n\n\n\n<h4 class=\"wp-block-heading\">2. USUARIO Y R\u00c9GIMEN DE RESPONSABILIDADES<\/h4>\n\n\n\n<p>La navegaci\u00f3n por acceso o uso de la p\u00e1gina web y todos los subdominios y directorios incluidos bajo la misma, as\u00ed como los servicios o contenidos que a trav\u00e9s de \u00e9l se puedan obtener y todos los portales de dominio propio bajo titularidad de\u00a0<strong>INEDIT HOME SL<\/strong>, otorga la Condici\u00f3n de Usuario, por la que se aceptan, al navegar por la p\u00e1gina\u00a0<strong>INEDIT HOME SL<\/strong>, todas las condiciones de uso que se establecen aqu\u00ed sin perjudicar la aplicaci\u00f3n de la correspondiente normativa de obligado cumplimiento legal seg\u00fan el caso.<\/p>\n\n\n\n<p>Por eso, si las consideraciones detalladas en este aviso legal no son de su conformidad, rogamos no haga uso del portal, ya que cualquier uso que haga del mismo o los servicios y contenidos en \u00e9l incluidos implicar\u00e1 la aceptaci\u00f3n de los t\u00e9rminos legales recogidos en este texto.<\/p>\n\n\n\n<p>La p\u00e1gina web de\u00a0<strong>INEDIT HOME SL<\/strong>\u00a0proporciona gran diversidad de informaci\u00f3n, servicios y datos. El usuario asume su responsabilidad en el uso correcto de los sitios web. Esta responsabilidad se extender\u00e1 a: La veracidad y licitud de las informaciones aportadas por el usuario en los formularios emitidos por\u00a0<strong>INEDIT HOME SL<\/strong>\u00a0para acceder a determinados contenidos o servicios ofrecidos por la web.<\/p>\n\n\n\n<p>El uso de la informaci\u00f3n, servicios y datos ofrecidos por\u00a0<strong>INEDIT HOME SL<\/strong>\u00a0no ir\u00e1n contra las disposiciones de estas condiciones, la Ley, la moral, las buenas costumbres o el orden p\u00fablico o que, en otro caso, puedan suponer lesi\u00f3n de los derechos de terceros o del funcionamiento de los sitios web. A tal efecto, el Usuario se abstendr\u00e1 de utilizar cualquiera de los contenidos con fines o efectos il\u00edcitos, prohibidos en este texto, lesivos de los derechos e intereses de terceros, o que de cualquier forma puedan da\u00f1ar, inutilizar, sobrecargar, deteriorar o impedir la normal utilizaci\u00f3n de los contenidos, otros Usuarios o de cualquier usuario de Internet (hardware y software).<\/p>\n\n\n\n<p>Los usuarios responder\u00e1n de los da\u00f1os y perjuicios de toda naturaleza que la empresa propietaria de la web pueda sufrir, directa o indirectamente, como consecuencia de incumplimiento de cualquiera de las obligaciones derivadas del uso de la Web y de esta pol\u00edtica de privacidad.<\/p>\n\n\n\n<p>En particular, ya t\u00edtulo meramente indicativo y no exhaustivo, el Usuario se compromete a no transmitir, difundir o poner a disposici\u00f3n de terceros informaciones, datos, contenidos, mensajes, gr\u00e1ficos, dibujos, archivos de sonido y\/o imagen, fotograf\u00edas de la web.<\/p>\n\n\n\n<p><\/p>\n","protected":false},"excerpt":{"rendered":"<p>1. INFORMACI\u00d3N CORPORATIVA En cumplimiento de la Ley 34\/2002, de 11 de julio, de servicios de la sociedad de la informaci\u00f3n y de comercio electr\u00f3nico,\u00a0INEDIT HOME SL\u00a0le informa que es titular de los sitios web:\u00a0www.inedithome.com, de acuerdo con la exigencia del art\u00edculo 10 de la mencionada Ley,\u00a0INEDIT HOME SL, notifica los siguientes datos: el titular [&hellip;]<\/p>\n","protected":false},"author":1,"featured_media":0,"parent":0,"menu_order":0,"comment_status":"closed","ping_status":"closed","template":"","meta":{"footnotes":""},"class_list":["post-209","page","type-page","status-publish","hentry"],"_links":{"self":[{"href":"https:\/\/www.inedithome.com\/index.php?rest_route=\/wp\/v2\/pages\/209","targetHints":{"allow":["GET"]}}],"collection":[{"href":"https:\/\/www.inedithome.com\/index.php?rest_route=\/wp\/v2\/pages"}],"about":[{"href":"https:\/\/www.inedithome.com\/index.php?rest_route=\/wp\/v2\/types\/page"}],"author":[{"embeddable":true,"href":"https:\/\/www.inedithome.com\/index.php?rest_route=\/wp\/v2\/users\/1"}],"replies":[{"embeddable":true,"href":"https:\/\/www.inedithome.com\/index.php?rest_route=%2Fwp%2Fv2%2Fcomments&post=209"}],"version-history":[{"count":3,"href":"https:\/\/www.inedithome.com\/index.php?rest_route=\/wp\/v2\/pages\/209\/revisions"}],"predecessor-version":[{"id":225,"href":"https:\/\/www.inedithome.com\/index.php?rest_route=\/wp\/v2\/pages\/209\/revisions\/225"}],"wp:attachment":[{"href":"https:\/\/www.inedithome.com\/index.php?rest_route=%2Fwp%2Fv2%2Fmedia&parent=209"}],"curies":[{"name":"wp","href":"https:\/\/api.w.org\/{rel}","templated":true}]}}