{"id":218,"date":"2025-02-13T10:27:37","date_gmt":"2025-02-13T10:27:37","guid":{"rendered":"https:\/\/www.inedithome.com\/?page_id=218"},"modified":"2025-02-13T10:30:14","modified_gmt":"2025-02-13T10:30:14","slug":"politica-de-cookies","status":"publish","type":"page","link":"https:\/\/www.inedithome.com\/?page_id=218","title":{"rendered":"Pol\u00edtica de cookies"},"content":{"rendered":"\n<p class=\"has-large-font-size\"><strong>POL\u00cdTICA DE COOKIES<\/strong><\/p>\n\n\n\n<p><strong>1. Introducci\u00f3n<\/strong>&nbsp;En <strong>INEDIT HOME<\/strong> utilizamos cookies y tecnolog\u00edas similares para mejorar la experiencia de nuestros usuarios en nuestro sitio web. Esta Pol\u00edtica de Cookies explica qu\u00e9 son las cookies, c\u00f3mo las utilizamos y c\u00f3mo puede gestionarlas.<\/p>\n\n\n\n<p><strong>2. \u00bfQu\u00e9 son las cookies?<\/strong>&nbsp;Las cookies son peque\u00f1os archivos de texto que se almacenan en su dispositivo cuando visita nuestro sitio web. Estos archivos permiten recordar informaci\u00f3n sobre su visita y mejorar la navegaci\u00f3n.<\/p>\n\n\n\n<p><strong>3. Tipos de Cookies que Utilizamos<\/strong><\/p>\n\n\n\n<ul class=\"wp-block-list\">\n<li><strong>Cookies esenciales:<\/strong>&nbsp;Necesarias para el funcionamiento b\u00e1sico del sitio web.<\/li>\n\n\n\n<li><strong>Cookies de rendimiento:<\/strong>&nbsp;Recopilan informaci\u00f3n sobre el uso del sitio web para mejorar su funcionamiento.<\/li>\n\n\n\n<li><strong>Cookies de funcionalidad:<\/strong>&nbsp;Permiten recordar sus preferencias para brindarle una experiencia personalizada.<\/li>\n\n\n\n<li><strong>Cookies de publicidad:<\/strong>&nbsp;Utilizadas para mostrar anuncios relevantes en funci\u00f3n de sus intereses.<\/li>\n<\/ul>\n\n\n\n<p><strong>4. \u00bfC\u00f3mo Usamos las Cookies?<\/strong>&nbsp;Utilizamos cookies para:<\/p>\n\n\n\n<ul class=\"wp-block-list\">\n<li>Mejorar la seguridad y funcionalidad del sitio web.<\/li>\n\n\n\n<li>Analizar el tr\u00e1fico y comportamiento de los usuarios.<\/li>\n\n\n\n<li>Personalizar contenidos y publicidad.<\/li>\n<\/ul>\n\n\n\n<p><strong>5. Gesti\u00f3n de Cookies<\/strong>&nbsp;Puede gestionar sus preferencias de cookies a trav\u00e9s de la configuraci\u00f3n de su navegador. Puede aceptar, rechazar o eliminar cookies seg\u00fan su elecci\u00f3n.<\/p>\n\n\n\n<p><strong>6. Cambios en la Pol\u00edtica de Cookies<\/strong>&nbsp;Nos reservamos el derecho de actualizar esta pol\u00edtica en cualquier momento. Cualquier modificaci\u00f3n ser\u00e1 publicada en nuestro sitio web.<\/p>\n\n\n\n<p><strong>7. Contacto<\/strong>&nbsp;Si tiene preguntas sobre nuestra Pol\u00edtica de Cookies, puede contactarnos en:<strong> INEDIT HOME,<\/strong> Carrer munt 33, 08392 Sant Andreu de Llavaneres.+34 932 526 795  +34 648 788 400 y  info@inedithome.com <\/p>\n\n\n\n<p><\/p>\n","protected":false},"excerpt":{"rendered":"<p>POL\u00cdTICA DE COOKIES 1. Introducci\u00f3n&nbsp;En INEDIT HOME utilizamos cookies y tecnolog\u00edas similares para mejorar la experiencia de nuestros usuarios en nuestro sitio web. Esta Pol\u00edtica de Cookies explica qu\u00e9 son las cookies, c\u00f3mo las utilizamos y c\u00f3mo puede gestionarlas. 2. \u00bfQu\u00e9 son las cookies?&nbsp;Las cookies son peque\u00f1os archivos de texto que se almacenan en su [&hellip;]<\/p>\n","protected":false},"author":1,"featured_media":0,"parent":0,"menu_order":0,"comment_status":"closed","ping_status":"closed","template":"","meta":{"footnotes":""},"class_list":["post-218","page","type-page","status-publish","hentry"],"_links":{"self":[{"href":"https:\/\/www.inedithome.com\/index.php?rest_route=\/wp\/v2\/pages\/218","targetHints":{"allow":["GET"]}}],"collection":[{"href":"https:\/\/www.inedithome.com\/index.php?rest_route=\/wp\/v2\/pages"}],"about":[{"href":"https:\/\/www.inedithome.com\/index.php?rest_route=\/wp\/v2\/types\/page"}],"author":[{"embeddable":true,"href":"https:\/\/www.inedithome.com\/index.php?rest_route=\/wp\/v2\/users\/1"}],"replies":[{"embeddable":true,"href":"https:\/\/www.inedithome.com\/index.php?rest_route=%2Fwp%2Fv2%2Fcomments&post=218"}],"version-history":[{"count":4,"href":"https:\/\/www.inedithome.com\/index.php?rest_route=\/wp\/v2\/pages\/218\/revisions"}],"predecessor-version":[{"id":223,"href":"https:\/\/www.inedithome.com\/index.php?rest_route=\/wp\/v2\/pages\/218\/revisions\/223"}],"wp:attachment":[{"href":"https:\/\/www.inedithome.com\/index.php?rest_route=%2Fwp%2Fv2%2Fmedia&parent=218"}],"curies":[{"name":"wp","href":"https:\/\/api.w.org\/{rel}","templated":true}]}}