{"id":240,"date":"2025-02-16T18:43:14","date_gmt":"2025-02-16T18:43:14","guid":{"rendered":"https:\/\/www.inedithome.com\/?page_id=240"},"modified":"2025-03-09T21:14:41","modified_gmt":"2025-03-09T21:14:41","slug":"blog-1","status":"publish","type":"page","link":"https:\/\/www.inedithome.com\/?page_id=240","title":{"rendered":"BLOG p.1 Vender tu vivienda r\u00e1pido y al mejor precio"},"content":{"rendered":"\n<p class=\"has-x-large-font-size\"><strong>7 Consejos para vender tu vivienda r\u00e1pido y al mejor precio: <\/strong><\/p>\n\n\n\n<figure class=\"wp-block-image size-large\"><img loading=\"lazy\" decoding=\"async\" width=\"819\" height=\"1024\" src=\"https:\/\/www.inedithome.com\/wp-content\/uploads\/2025\/02\/91B47833-453E-43F7-A4DD-AFA7DE9DDB25-819x1024.jpg\" alt=\"\" class=\"wp-image-248\" srcset=\"https:\/\/www.inedithome.com\/wp-content\/uploads\/2025\/02\/91B47833-453E-43F7-A4DD-AFA7DE9DDB25-819x1024.jpg 819w, https:\/\/www.inedithome.com\/wp-content\/uploads\/2025\/02\/91B47833-453E-43F7-A4DD-AFA7DE9DDB25-240x300.jpg 240w, https:\/\/www.inedithome.com\/wp-content\/uploads\/2025\/02\/91B47833-453E-43F7-A4DD-AFA7DE9DDB25-768x960.jpg 768w, https:\/\/www.inedithome.com\/wp-content\/uploads\/2025\/02\/91B47833-453E-43F7-A4DD-AFA7DE9DDB25-1229x1536.jpg 1229w, https:\/\/www.inedithome.com\/wp-content\/uploads\/2025\/02\/91B47833-453E-43F7-A4DD-AFA7DE9DDB25-1638x2048.jpg 1638w, https:\/\/www.inedithome.com\/wp-content\/uploads\/2025\/02\/91B47833-453E-43F7-A4DD-AFA7DE9DDB25-scaled.jpg 2048w\" sizes=\"auto, (max-width: 819px) 100vw, 819px\" \/><\/figure>\n\n\n\n<p><strong>Blog 1: Vender tu vivienda puede ser m\u00e1s sencillo si sigues estos consejos pr\u00e1cticos:<\/strong><\/p>\n\n\n\n<ol class=\"wp-block-list\">\n<li>Fija un precio atractivo desde el inicio: Analiza el mercado y elige un precio competitivo para atraer m\u00e1s compradores sin perder valor.<\/li>\n\n\n\n<li>Prepara tu hogar para las visitas: Despersonaliza, ordena y limpia a fondo. Un ambiente neutral facilitar\u00e1 que los compradores se imaginen viviendo all\u00ed.<\/li>\n\n\n\n<li>Aprovecha la luz natural y ventila: Un hogar luminoso i bien ventilado se siente m\u00e1s amplio y acogedor. <\/li>\n\n\n\n<li>Realiza peque\u00f1as reparaciones: Arregla detalles como paredes con desperfectos o grifos que gotean para mejorar la impresi\u00f3n general. <\/li>\n\n\n\n<li>Fotograf\u00edas de calidad: Im\u00e1genes profesionales resaltan lo mejor de tu propiedad y atraen m\u00e1s inter\u00e9s online. <\/li>\n\n\n\n<li>Promociona tu vivienda de forma efectiva: Usa portales inmobiliarios e internacionales, redes sociales y buenas descripciones para llegar a m\u00e1s personas.<\/li>\n\n\n\n<li>Conf\u00eda en un profesional inmobiliario: Un agente experto te ayudar\u00e1 a negociar y cerrar la venta al mejor precio. <\/li>\n<\/ol>\n\n\n\n<p><\/p>\n\n\n\n<p>\u00a1Sigue estos pasos y vende tu vivienda r\u00e1pido! En INEDIT Home estamos para ayudarte. \u00a1Cont\u00e1ctanos!<\/p>\n\n\n\n<p><\/p>\n","protected":false},"excerpt":{"rendered":"<p>7 Consejos para vender tu vivienda r\u00e1pido y al mejor precio: Blog 1: Vender tu vivienda puede ser m\u00e1s sencillo si sigues estos consejos pr\u00e1cticos: \u00a1Sigue estos pasos y vende tu vivienda r\u00e1pido! En INEDIT Home estamos para ayudarte. \u00a1Cont\u00e1ctanos!<\/p>\n","protected":false},"author":1,"featured_media":0,"parent":0,"menu_order":0,"comment_status":"closed","ping_status":"closed","template":"","meta":{"footnotes":""},"class_list":["post-240","page","type-page","status-publish","hentry"],"_links":{"self":[{"href":"https:\/\/www.inedithome.com\/index.php?rest_route=\/wp\/v2\/pages\/240","targetHints":{"allow":["GET"]}}],"collection":[{"href":"https:\/\/www.inedithome.com\/index.php?rest_route=\/wp\/v2\/pages"}],"about":[{"href":"https:\/\/www.inedithome.com\/index.php?rest_route=\/wp\/v2\/types\/page"}],"author":[{"embeddable":true,"href":"https:\/\/www.inedithome.com\/index.php?rest_route=\/wp\/v2\/users\/1"}],"replies":[{"embeddable":true,"href":"https:\/\/www.inedithome.com\/index.php?rest_route=%2Fwp%2Fv2%2Fcomments&post=240"}],"version-history":[{"count":10,"href":"https:\/\/www.inedithome.com\/index.php?rest_route=\/wp\/v2\/pages\/240\/revisions"}],"predecessor-version":[{"id":460,"href":"https:\/\/www.inedithome.com\/index.php?rest_route=\/wp\/v2\/pages\/240\/revisions\/460"}],"wp:attachment":[{"href":"https:\/\/www.inedithome.com\/index.php?rest_route=%2Fwp%2Fv2%2Fmedia&parent=240"}],"curies":[{"name":"wp","href":"https:\/\/api.w.org\/{rel}","templated":true}]}}